{"id":5642,"date":"2021-06-03T02:40:18","date_gmt":"2021-06-03T05:40:18","guid":{"rendered":"https:\/\/recarga.blog.br\/?page_id=5642"},"modified":"2021-06-03T02:40:18","modified_gmt":"2021-06-03T05:40:18","slug":"politica-de-cookies","status":"publish","type":"page","link":"https:\/\/casacapsulas.com.br\/?page_id=5642","title":{"rendered":"Pol\u00edtica de Cookies"},"content":{"rendered":"<p class=\"deck\" style=\"text-align: justify;\"><strong>Introdu\u00e7\u00e3o<\/strong><\/p>\n<p class=\"deck\" style=\"text-align: justify;\">N\u00f3s estamos empenhados em proteger a sua privacidade. Pretendemos fornecer servi\u00e7os e produtos l\u00edderes da ind\u00fastria e de confian\u00e7a para voc\u00ea poder se concentrar em criar rela\u00e7\u00f5es significativas.<\/p>\n<p class=\"deck\" style=\"text-align: justify;\">A nossa abordagem em rela\u00e7\u00e3o \u00e0 privacidade \u00e9 lhe fornecer informa\u00e7\u00f5es claras sobre as nossas pr\u00e1ticas de dados. Foi por esse motivo que tentamos manter a terminologia t\u00e9cnica e legal a um m\u00ednimo.<\/p>\n<p class=\"deck\" style=\"text-align: justify;\">Esta Pol\u00edtica de Cookies explica o que s\u00e3o cookies, que tipos de cookies s\u00e3o colocados no seu dispositivo quando voc\u00ea acessa o nosso site e como os usamos.<\/p>\n<p class=\"deck\" style=\"text-align: justify;\">Esta Pol\u00edtica de Cookies n\u00e3o visa a forma como lidamos geralmente com as suas informa\u00e7\u00f5es pessoais. Para obter mais informa\u00e7\u00f5es sobre como processamos as suas informa\u00e7\u00f5es pessoais, consulte a nossa <strong>Pol\u00edtica de Privacidade<\/strong>\u00a0aqui.<\/p>\n<h2 class=\"deck\" style=\"text-align: justify;\"><strong>O que s\u00e3o os cookies?<\/strong><\/h2>\n<p class=\"deck\" style=\"text-align: justify;\">Os cookies s\u00e3o pequenos arquivos de texto que s\u00e3o enviados ou acessados a partir do seu navegador web, ou da mem\u00f3ria do seu dispositivo.<\/p>\n<p class=\"deck\" style=\"text-align: justify;\">Um cookie geralmente cont\u00e9m o nome do dom\u00ednio (localiza\u00e7\u00e3o na internet) a partir de onde esse cookie teve origem, a &#8220;vida \u00fatil&#8221; do cookie (por ex., quando o cookie expirar\u00e1) e um n\u00famero \u00fanico ou identificador id\u00eantico gerado de forma aleat\u00f3ria.<\/p>\n<p class=\"deck\" style=\"text-align: justify;\">Um cookie tamb\u00e9m pode conter informa\u00e7\u00f5es sobre o seu dispositivo, como as configura\u00e7\u00f5es do usu\u00e1rio, hist\u00f3rico de navega\u00e7\u00e3o e atividades realizadas durante o uso de nossos servi\u00e7os.<\/p>\n<h3 class=\"deck\" style=\"text-align: justify;\"><strong>Existem diferentes tipos de cookies?<\/strong><\/h3>\n<p class=\"deck\" style=\"text-align: justify;\"><em>Cookies originais e cookies de terceiros<\/em><\/p>\n<p class=\"deck\" style=\"text-align: justify;\">Existem cookies originais e cookies de terceiros. Os cookies originais s\u00e3o colocados no seu dispositivo diretamente por n\u00f3s.<\/p>\n<p class=\"deck\" style=\"text-align: justify;\">Por exemplo, usamos cookies originais para adaptar o nosso site \u00e0s prefer\u00eancias de idioma do seu navegador e para melhor compreender o seu uso do nosso site.<\/p>\n<p class=\"deck\" style=\"text-align: justify;\">Os cookies de terceiros s\u00e3o colocados no seu dispositivo pelos nossos fornecedores de servi\u00e7os e parceiros. Por exemplo, usamos cookies de terceiros para medir o n\u00famero de usu\u00e1rios no nosso site ou para lhe permitir compartilhar conte\u00fado por meio de outras plataformas de redes sociais.<\/p>\n<h3 class=\"deck\" style=\"text-align: justify;\"><em>Cookies de sess\u00e3o e cookies permanentes<\/em><\/h3>\n<p class=\"deck\" style=\"text-align: justify;\">Existem cookies de sess\u00e3o e cookies permanentes. Os cookies de sess\u00e3o duram apenas at\u00e9 voc\u00ea fechar o seu navegador.<\/p>\n<p class=\"deck\" style=\"text-align: justify;\">Usamos cookies de sess\u00e3o por diversos motivos, incluindo para obter mais informa\u00e7\u00f5es sobre a sua utiliza\u00e7\u00e3o do nosso site durante uma \u00fanica sess\u00e3o de navega\u00e7\u00e3o e para ajud\u00e1-lo a usar o nosso site de forma mais eficiente.<\/p>\n<p class=\"deck\" style=\"text-align: justify;\">Os cookies permanentes t\u00eam uma vida \u00fatil mais longa e n\u00e3o s\u00e3o apagados automaticamente quando voc\u00ea fecha o seu navegador. Esses tipos de cookies s\u00e3o usados principalmente para ajud\u00e1-lo a iniciar a sess\u00e3o outra vez de forma r\u00e1pida no nosso site e para efeitos anal\u00edticos.<\/p>\n<h3 class=\"deck\" style=\"text-align: justify;\">E outras tecnologias de rastreamento, como web beacons?<\/h3>\n<p class=\"deck\" style=\"text-align: justify;\">Outras tecnologias, como web beacons (tamb\u00e9m denominados etiquetas pixel ou clear gifs), URL de rastreamento ou outros kits de desenvolvimento de software (SDK) s\u00e3o usadas para efeitos semelhantes.<\/p>\n<p class=\"deck\" style=\"text-align: justify;\">Os web beacons s\u00e3o pequenos arquivos gr\u00e1ficos que cont\u00eam um identificador \u00fanico que nos permite reconhecer quando algu\u00e9m visitou o nosso servi\u00e7o ou abriu um e-mail enviado por n\u00f3s.<\/p>\n<p class=\"deck\" style=\"text-align: justify;\">Os URLs de rastreamento s\u00e3o links gerados de forma personalizada que nos ajudam a compreender qual a origem do tr\u00e1fego que chega \u00e0s nossas p\u00e1ginas web. Os SDK s\u00e3o pequenos peda\u00e7os de c\u00f3digo inclu\u00eddos em aplicativos, que funcionam como cookies e web beacons.<\/p>\n<p class=\"deck\" style=\"text-align: justify;\">Por quest\u00f5es de simplicidade, tamb\u00e9m nos referimos a essas tecnologias como &#8220;cookies&#8221; nesta Pol\u00edtica de Cookies.<\/p>\n<h2 class=\"deck\" style=\"text-align: justify;\">Por que utilizamos os cookies?<\/h2>\n<p class=\"deck\" style=\"text-align: justify;\">Como a grande maioria de fornecedores de servi\u00e7os online, usamos cookies para fornecer, proteger e melhorar os nossos servi\u00e7os, inclusive lembrando quais s\u00e3o as suas prefer\u00eancias, reconhecendo-o quando visita o nosso site e personalizando e adaptando os nossos an\u00fancios aos seus interesses. Para realizar esses objetivos, podemos tamb\u00e9m vincular informa\u00e7\u00f5es de cookies a outras informa\u00e7\u00f5es pessoais que temos do usu\u00e1rio.<\/p>\n<p class=\"deck\" style=\"text-align: justify;\">Quando voc\u00ea visita o nosso site, alguns ou todos os tipos de cookies indicados a seguir podem ser instalados no seu dispositivo.<\/p>\n<h2 class=\"deck\" style=\"text-align: justify;\"><strong>Tipo de cookie<\/strong><\/h2>\n<h3 class=\"deck\" style=\"text-align: justify;\">Cookies essenciais do site<\/h3>\n<p class=\"deck\" style=\"text-align: justify;\">Esses cookies s\u00e3o estritamente necess\u00e1rios para lhe fornecer servi\u00e7os dispon\u00edveis por meio do nosso site e para usar alguns de seus recursos, como o acesso a \u00e1reas seguras.<\/p>\n<h3 class=\"deck\" style=\"text-align: justify;\">Cookies anal\u00edticos<\/h3>\n<p class=\"deck\" style=\"text-align: justify;\">Esses cookies nos ajudam a compreender como o nosso site est\u00e1 sendo usado, qual \u00e9 a efic\u00e1cia das campanhas de marketing, e tamb\u00e9m nos ajudam a personalizar e a melhorar os nossos sites em fun\u00e7\u00e3o de nossos usu\u00e1rios.<\/p>\n<h3 class=\"deck\" style=\"text-align: justify;\">Cookies de publicidade<\/h3>\n<p class=\"deck\" style=\"text-align: justify;\">Esses cookies s\u00e3o usados para tornar as mensagens de publicidade mais relevantes para voc\u00ea. Eles realizam fun\u00e7\u00f5es como impedir que o mesmo an\u00fancio continue a surgir de forma repetitiva, garantindo que os an\u00fancios sejam apresentados de forma correta para os anunciantes, selecionando publicidade baseada nos interesses dos usu\u00e1rios e medindo o n\u00famero e o desempenho dos an\u00fancios apresentados, como o n\u00famero de pessoas que clicou num an\u00fancio espec\u00edfico.<\/p>\n<h3 class=\"deck\" style=\"text-align: justify;\">Cookies de redes sociais<\/h3>\n<p class=\"deck\" style=\"text-align: justify;\">Esses cookies s\u00e3o usados para permitir que voc\u00ea compartilhe p\u00e1ginas e conte\u00fados que considera interessantes no nosso site por redes sociais de terceiros e em outros sites. Esses cookies tamb\u00e9m podem ser usados para fins de publicidade.<\/p>\n<h2 class=\"deck\" style=\"text-align: justify;\"><strong>Como voc\u00ea pode controlar os cookies?<\/strong><\/h2>\n<p class=\"deck\" style=\"text-align: justify;\">H\u00e1 v\u00e1rias op\u00e7\u00f5es de gerenciamento de cookies dispon\u00edveis. Lembre-se que as altera\u00e7\u00f5es que fizer em suas prefer\u00eancias de cookies podem tornar a sua experi\u00eancia de navega\u00e7\u00e3o no site menos satisfat\u00f3ria. Em alguns casos, voc\u00ea pode at\u00e9 n\u00e3o conseguir usar todo ou parte do nosso site.<\/p>\n<h3 class=\"deck\" style=\"text-align: justify;\"><em>Controles de dispositivos e navegador<\/em><\/h3>\n<p class=\"deck\" style=\"text-align: justify;\">Alguns navegadores web fornecem configura\u00e7\u00f5es que lhe permitem controlar ou rejeitar cookies, ou que alertam o usu\u00e1rio quando um cookie \u00e9 instalado no seu computador.<\/p>\n<p class=\"deck\" style=\"text-align: justify;\">O procedimento para gerenciar cookies \u00e9 ligeiramente diferente para cada navegador web. Voc\u00ea pode consultar os passos espec\u00edficos no menu de ajuda do seu navegador espec\u00edfico.<\/p>\n<p class=\"deck\" style=\"text-align: justify;\">Voc\u00ea tamb\u00e9m poder\u00e1 redefinir identificadores do dispositivo ativando a configura\u00e7\u00e3o apropriada no seu dispositivo m\u00f3vel.<\/p>\n<p class=\"deck\" style=\"text-align: justify;\">O procedimento para gerenciamento de identificadores do dispositivo \u00e9 ligeiramente diferente para cada dispositivo. Voc\u00ea pode consultar os passos espec\u00edficos no menu de ajuda ou nas configura\u00e7\u00f5es do seu dispositivo espec\u00edfico.<\/p>\n<h3 class=\"deck\" style=\"text-align: justify;\"><em>Ferramentas de publicidade baseada em interesses<\/em><\/h3>\n<p class=\"deck\" style=\"text-align: justify;\">Voc\u00ea pode optar por n\u00e3o ver publicidade baseada em interesses online por parte de empresas participantes da\u00a0<a href=\"http:\/\/optout.aboutads.info\/?c=2#!\/\" target=\"_blank\" rel=\"noopener noreferrer\" class=\"broken_link\">Digital Advertising Alliance<\/a>, da\u00a0<a href=\"http:\/\/www.youronlinechoices.eu\/\" target=\"_blank\" rel=\"noopener noreferrer\">Interactive Digital Advertising Alliance<\/a>\u00a0ou da\u00a0<a href=\"http:\/\/youradchoices.com\/appchoices\" target=\"_blank\" rel=\"noopener noreferrer\">Appchoices<\/a>\u00a0(apenas aplicativos).<\/p>\n<p class=\"deck\" style=\"text-align: justify;\">Optar por n\u00e3o ver publicidade n\u00e3o significa que n\u00e3o ver\u00e1 publicidade; significa que voc\u00ea n\u00e3o ver\u00e1 publicidade personalizada por parte das empresas que fazem parte dos programas de n\u00e3o participa\u00e7\u00e3o.<\/p>\n<p class=\"deck\" style=\"text-align: justify;\">Al\u00e9m disso, se voc\u00ea excluir cookies no seu dispositivo ap\u00f3s ter optado por n\u00e3o participar, ter\u00e1 de optar por n\u00e3o participar novamente.<\/p>\n<h3 class=\"deck\" style=\"text-align: justify;\">Cookies sociais<\/h3>\n<p class=\"deck\" style=\"text-align: justify;\">Para permitir que voc\u00ea compartilhe conte\u00fados em redes sociais, alguns recursos deste site utilizam plug-ins de redes sociais (por ex., bot\u00f5es &#8220;Compartilhar no Twitter&#8221; do Twitter\u2122 ou &#8220;Entrar&#8221; do LinkedIn\u2122).<\/p>\n<p class=\"deck\" style=\"text-align: justify;\">Dependendo das configura\u00e7\u00f5es de suas contas de redes sociais, recebemos automaticamente informa\u00e7\u00f5es da plataforma de rede social quando voc\u00ea utiliza o bot\u00e3o correspondente no nosso site.<\/p>\n<p class=\"deck\" style=\"text-align: justify;\">Para obter mais informa\u00e7\u00f5es sobre cookies de redes sociais, sugerimos que voc\u00ea consulte a pol\u00edtica de privacidade e a pol\u00edtica de cookies da plataforma da rede social.<\/p>\n<h3 class=\"deck\" style=\"text-align: justify;\">Cookies flash de Adobe Flash Player\u2122<\/h3>\n<p class=\"deck\" style=\"text-align: justify;\">O Adobe Flash Player\u2122 \u00e9 um aplicativo para visualizar e interagir com conte\u00fado din\u00e2mico utilizando a plataforma Flash. O Flash (e aplicativos semelhantes) usam uma tecnologia parecida \u00e0 dos cookies para memorizar par\u00e2metros, prefer\u00eancias e utiliza\u00e7\u00f5es deste conte\u00fado.<\/p>\n<p class=\"deck\" style=\"text-align: justify;\">No entanto, o Adobe Flash Player gerencia essas informa\u00e7\u00f5es e as suas escolhas atrav\u00e9s de uma interface separada daquela fornecida pelo seu navegador.<\/p>\n<p class=\"deck\" style=\"text-align: justify;\">Se for muito prov\u00e1vel que o seu terminal apresente conte\u00fado desenvolvido utilizando a plataforma Flash, sugerimos que voc\u00ea acesse as suas ferramentas de gerenciamento de cookies flash diretamente no site <a href=\"https:\/\/www.adobe.com\/\" target=\"_blank\" rel=\"noopener noreferrer\" class=\"broken_link\">https:\/\/www.adobe.com<\/a>.<\/p>\n<h3 class=\"deck\" style=\"text-align: justify;\">Cookies Google\u2122<\/h3>\n<p class=\"deck\" style=\"text-align: justify;\"><em>Coisas que o Google quer ter a certeza que voc\u00ea sabe sobre a tecnologia de coleta de dados do Google<\/em><\/p>\n<p class=\"deck\" style=\"text-align: justify;\"><em>Cookies da API Google\u2122 Maps<\/em><\/p>\n<p class=\"deck\" style=\"text-align: justify;\">Alguns recursos do nosso site e de alguns servi\u00e7os dependem do uso de cookies da API Google\u2122 Maps. Esses cookies ser\u00e3o armazenados no seu dispositivo.<\/p>\n<p class=\"deck\" style=\"text-align: justify;\">Ao navegar neste site e ao usar os servi\u00e7os que dependem de cookies da API Google\u2122 Maps, voc\u00ea aceita o armazenamento, a coleta desses cookies no seu dispositivo e o acesso, uso e compartilhamento por parte do Google dos dados coletados.<\/p>\n<p class=\"deck\" style=\"text-align: justify;\">O Google\u2122 gerencia as informa\u00e7\u00f5es e as suas escolhas referentes aos cookies da API Google\u2122 Maps atrav\u00e9s de uma \u2018interface\u2019 separada daquela fornecida pelo seu navegador. Para obter mais informa\u00e7\u00f5es, consulte <a href=\"https:\/\/www.google.com\/policies\/technologies\/cookies\/\" target=\"_blank\" rel=\"noopener noreferrer\">https:\/\/www.google.com\/policies\/technologies\/cookies\/<\/a>.<\/p>\n<h2 class=\"deck\" style=\"text-align: justify;\"><em>Google Analytics<\/em><\/h2>\n<p class=\"deck\" style=\"text-align: justify;\">Usamos o Google Analytics, um servi\u00e7o do Google que usa cookies e outras tecnologias de coleta de dados para coletar informa\u00e7\u00f5es sobre o seu uso do site e de servi\u00e7os para comunicar as tend\u00eancias do site.<\/p>\n<p class=\"deck\" style=\"text-align: justify;\">Voc\u00ea pode optar por n\u00e3o usar o Google Analytics visitando o site\u00a0<a href=\"http:\/\/www.google.com\/settings\/ads\" target=\"_blank\" rel=\"noopener noreferrer\">www.google.com\/settings\/ads<\/a>\u00a0ou baixando o add-on de n\u00e3o participa\u00e7\u00e3o do Google Analytics em\u00a0<a href=\"https:\/\/tools.google.com\/dlpage\/gaoptout\" target=\"_blank\" rel=\"noopener noreferrer\">https:\/\/tools.google.com\/dlpage\/gaoptout<\/a>.<\/p>\n","protected":false},"excerpt":{"rendered":"<p>Introdu\u00e7\u00e3o N\u00f3s estamos empenhados em proteger a sua privacidade. Pretendemos fornecer servi\u00e7os e produtos l\u00edderes da ind\u00fastria e de confian\u00e7a para voc\u00ea poder se concentrar em criar rela\u00e7\u00f5es significativas. A nossa abordagem em rela\u00e7\u00e3o \u00e0 privacidade \u00e9 lhe fornecer informa\u00e7\u00f5es claras sobre as nossas pr\u00e1ticas de dados. Foi por esse motivo que tentamos manter a [&hellip;]<\/p>\n","protected":false},"author":2,"featured_media":0,"parent":0,"menu_order":0,"comment_status":"closed","ping_status":"closed","template":"","meta":{"footnotes":""},"class_list":["post-5642","page","type-page","status-publish","hentry"],"_links":{"self":[{"href":"https:\/\/casacapsulas.com.br\/index.php?rest_route=\/wp\/v2\/pages\/5642","targetHints":{"allow":["GET"]}}],"collection":[{"href":"https:\/\/casacapsulas.com.br\/index.php?rest_route=\/wp\/v2\/pages"}],"about":[{"href":"https:\/\/casacapsulas.com.br\/index.php?rest_route=\/wp\/v2\/types\/page"}],"author":[{"embeddable":true,"href":"https:\/\/casacapsulas.com.br\/index.php?rest_route=\/wp\/v2\/users\/2"}],"replies":[{"embeddable":true,"href":"https:\/\/casacapsulas.com.br\/index.php?rest_route=%2Fwp%2Fv2%2Fcomments&post=5642"}],"version-history":[{"count":0,"href":"https:\/\/casacapsulas.com.br\/index.php?rest_route=\/wp\/v2\/pages\/5642\/revisions"}],"wp:attachment":[{"href":"https:\/\/casacapsulas.com.br\/index.php?rest_route=%2Fwp%2Fv2%2Fmedia&parent=5642"}],"curies":[{"name":"wp","href":"https:\/\/api.w.org\/{rel}","templated":true}]}}